{"id":2134,"date":"2017-02-08T16:16:23","date_gmt":"2017-02-08T14:16:23","guid":{"rendered":"http:\/\/new.jarmarka.de\/impressum"},"modified":"2025-09-26T11:03:00","modified_gmt":"2025-09-26T09:03:00","slug":"impressum","status":"publish","type":"page","link":"https:\/\/jarmarka.de\/ru\/impressum","title":{"rendered":"Impressum"},"content":{"rendered":"<h2><strong>VERANSTALTER<\/strong><\/h2>\n<p>BEM GmbH<br \/>\nOeynhausener Str. 54<br \/>\n32584 L\u00f6hne<br \/>\nTel +49 (0) 5731 245 15 73<br \/>\nE-Mail: support(at)jarmarka.de<\/p>\n<p>&nbsp;<\/p>\n<p>Gesch\u00e4ftsf\u00fchrer: Robin Bem<br \/>\nUSt-IdNr.: DE360439436<br \/>\nWEEE-Reg.-Nr. DE 92836309<br \/>\nAmtsgericht Bad Oeynhausen<br \/>\nHRB 18884<\/p>\n<h2><strong>Bankverbindung:<\/strong><\/h2>\n<p>Sparkasse Bad Oeynhausen<br \/>\nIBAN: DE95 4905 1285 0060 0200 96<br \/>\nBIC: WELADED1OEH<\/p>\n<h2><strong>Veranstaltungsort: <\/strong><\/h2>\n<p>Messezentrum Bad Salzuflen<br \/>\nBenzstra\u00dfe 23<br \/>\n32108 Bad Salzuflen<\/p>\n<h2><strong>Rechtliche Hinweise<\/strong><\/h2>\n<p>Haftungsausschluss<\/p>\n<h3>Haftung f\u00fcr Inhalte<\/h3>\n<p>Die Inhalte unserer Seiten wurden mit gro\u00dfter Sorgfalt erstellt. Fur die Richtigkeit, Vollstandigkeit und Aktualit\u00e4t der Inhalte k\u00f6nnen wir jedoch keine Gew\u00e4hr ubernehmen. Als Diensteanbieter sind wir gema\u00df 6 Abs.1 MDStV und 8 Abs.1 TDG f\u00fcr eigene Inhalte auf diesen Seiten nach den allgemeinen Gesetzen verantwortlich. Diensteanbieter sind jedoch nicht verpflichtet, die von ihnen \u00fcbermittelten oder gespeicherten fremden Informationen zu \u00fcberwachen oder nach Umstanden zu forschen, die auf eine rechtswidrige T\u00e4tigkeit hinweisen. Verpflichtungen zur Entfernung oder Sperrung der Nutzung von Informationen nach den allgemeinen Gesetzen bleiben hiervon unber\u00fchrt. Eine diesbez\u00fcgliche Haftung ist jedoch erst ab dem Zeitpunkt der Kenntnis einer konkreten Rechtsverletzung m\u00f6glich. Bei bekannt werden von entsprechenden Rechtsverletzungen werden wir diese Inhalte umgehend entfernen.<\/p>\n<h3>Haftung f\u00fcr Links<\/h3>\n<p>Unser Angebot enth\u00e4lt Links zu externen Webseiten Dritter, auf deren Inhalte wir keinen Einfl\u00fcss haben. Deshalb k\u00f6nnen wir f\u00fcr diese fremden Inhalte auch keine Gew\u00e4hr \u00fcbernehmen. F\u00fcr die Inhalte der verlinkten Seiten ist stets der jeweilige Anbieter oder Betreiber der Seiten verantwortlich. Die verlinkten Seiten wurden zum Zeitpunkt der Verlinkung auf m\u00f6gliche Rechtsversto\u00dfe \u00fcberpr\u00fcft. Rechtswidrige Inhalte waren zum Zeitpunkt der Verlinkung nicht erkennbar. Eine permanente inhaltliche Kontrolle der verlinkten Seiten ist jedoch ohne konkrete Anhaltspunkte einer Rechtsverletzung nicht zumutbar. Bei bekannt werden von Rechtsverletzungen werden wir derartige Links umgehend entfernen.<\/p>\n<h3>Urheberrecht<\/h3>\n<p>Die Betreiber der Seiten sind bemuht, stets die Urheberrechte anderer zu beachten bzw. auf selbst erstellte sowie lizenzfreie Werke zur\u00fcckzugreifen.<\/p>\n<p>Die durch die Seitenbetreiber erstellten Inhalte und Werke auf diesen Seiten unterliegen dem deutschen Urheberrecht. Beitr\u00e4ge Dritter sind als solche gekennzeichnet. Die Vervielfaltigung, Bearbeitung, Verbreitung und jede Art der Verwertung au\u00dferhalb der Grenzen des Urheberrechtes bed\u00fcrfen der schriftlichen Zustimmung des jeweiligen Autors bzw. Erstellers. Downloads und Kopien dieser Seite sind nur f\u00fcr den privaten, nicht kommerziellen Gebrauch gestattet.<\/p>\n<h3>Datenschutz<\/h3>\n<p>Soweit auf unseren Seiten personenbezogene Daten (beispielsweise Name, Anschrift oder eMail-Adressen) erhoben werden, erfolgt dies soweit m\u00f6glich stets auf freiwilliger Basis. Die Nutzung der Angebote und Dienste ist, soweit m\u00f6glich, stets ohne Angabe personenbezogener Daten m\u00f6glich. Der Nutzung von im Rahmen der Impressumspflicht veroffentlichten Kontaktdaten durch Dritte zur \u00dcbersendung von nicht ausdr\u00fccklich angeforderter Werbung und Informationsmaterialien wird hiermit ausdr\u00fccklich widersprochen. Die Betreiber der Seiten behalten sich ausdr\u00fccklich rechtliche Schritte im Falle der unverlangten Zusendung von Werbeinformationen, etwa durch Spam-Mails, vor.<\/p>\n<p>Keine Abmahnung ohne vorherigen Kontakt nach \u00a7 8 Abs. 4 UWG)<br \/>\nWenn der Inhalt oder die Gestaltung einzelner Seiten oder Artikel dieser Internetseite fremde Rechte Dritter oder gesetzliche Bestimmungen verletzen oder in irgendeiner Form wettbewerbsrechtliche Probleme hervorbringen, so bitten wir um eine angemessene, ausreichend erl\u00e4uternde und schnelle Nachricht ohne Kostennote. Wir garantieren, dass die zu Recht beanstandeten Passagen oder Teile des Angebots unverz\u00fcglich entfernt bzw. den rechtlichen Vorgaben umfassend angepasst werden, ohne dass von Ihrer Seite die Einschaltung eines Rechtsbeistandes erforderlich sein wird. Die zeitaufw\u00e4ndigere Einschaltung eines Anwaltes zur f\u00fcr den Webseiteninhaber kostenpflichtigen Abmahnung entspricht nicht dessen wirklichen oder mutma\u00dflichen Willen.<\/p>\n<h2>Google Analytics<\/h2>\n<p>Diese Website benutzt Google Analytics, einen Webanalysedienst der Google Inc. (\u201eGoogle\u201c). Google Analytics verwendet sog. \u201eCookies\u201c, Textdateien, die auf Ihrem Computer gespeichert werden und die eine Analyse der Benutzung der Website durch Sie erm\u00f6glichen. Die durch den Cookie erzeugten Informationen \u00fcber Ihre Benutzung dieser Website werden in der Regel an einen Server von Google in den USA \u00fcbertragen und dort gespeichert.<\/p>\n<p>Im Falle der Aktivierung der IP-Anonymisierung auf dieser Webseite, wird Ihre IP-Adresse von Google jedoch innerhalb von Mitgliedstaaten der Europ\u00e4ischen Union oder in anderen Vertragsstaaten des Abkommens \u00fcber den Europ\u00e4ischen Wirtschaftsraum zuvor gek\u00fcrzt. Nur in Ausnahmef\u00e4llen wird die volle IP-Adresse an einen Server von Google in den USA \u00fcbertragen und dort gek\u00fcrzt. Die IP-Anonymisierung ist auf dieser Website aktiv. Im Auftrag des Betreibers dieser Website wird Google diese Informationen benutzen, um Ihre Nutzung der Website auszuwerten, um Reports \u00fcber die Websiteaktivit\u00e4ten zusammenzustellen und um weitere mit der Websitenutzung und der Internetnutzung verbundene Dienstleistungen gegen\u00fcber dem Websitebetreiber zu erbringen.<\/p>\n<p>Die im Rahmen von Google Analytics von Ihrem Browser \u00fcbermittelte IP-Adresse wird nicht mit anderen Daten von Google zusammengef\u00fchrt. Sie k\u00f6nnen die Speicherung der Cookies durch eine entsprechende Einstellung Ihrer Browser-Software verhindern; wir weisen Sie jedoch darauf hin, dass Sie in diesem Fall gegebenenfalls nicht s\u00e4mtliche Funktionen dieser Website vollumf\u00e4nglich werden nutzen k\u00f6nnen. Sie k\u00f6nnen dar\u00fcber hinaus die Erfassung der durch das Cookie erzeugten und auf Ihre Nutzung der Website bezogenen Daten (inkl. Ihrer IP-Adresse) an Google sowie die Verarbeitung dieser Daten durch Google verhindern, indem sie das unter dem folgenden Link verf\u00fcgbare Browser-Plugin herunterladen und installieren: <a href=\"http:\/\/tools.google.com\/dlpage\/gaoptout?hl=de\" target=\"_blank\" rel=\"noopener noreferrer\">http:\/\/tools.google.com\/dlpage\/gaoptout?hl=de.<\/a><\/p>\n","protected":false},"excerpt":{"rendered":"<p>VERANSTALTER BEM GmbH Oeynhausener Str. 54 32584 L\u00f6hne Tel +49 (0) 5731 245 15 73 E-Mail: support(at)jarmarka.de &nbsp; Gesch\u00e4ftsf\u00fchrer: Robin Bem USt-IdNr.: DE360439436 WEEE-Reg.-Nr. DE 92836309 Amtsgericht Bad Oeynhausen HRB 18884 Bankverbindung: Sparkasse Bad Oeynhausen IBAN: DE95 4905 1285 0060 0200 96 BIC: WELADED1OEH Veranstaltungsort: Messezentrum Bad Salzuflen Benzstra\u00dfe 23 32108 Bad Salzuflen Rechtliche Hinweise<\/p>\n","protected":false},"author":2,"featured_media":0,"parent":0,"menu_order":77,"comment_status":"closed","ping_status":"closed","template":"","meta":{"_acf_changed":false,"footnotes":""},"class_list":["post-2134","page","type-page","status-publish","hentry"],"acf":[],"yoast_head":"<!-- This site is optimized with the Yoast SEO plugin v26.4 - https:\/\/yoast.com\/wordpress\/plugins\/seo\/ -->\n<title>Impressum<\/title>\n<meta name=\"robots\" content=\"index, follow, max-snippet:-1, max-image-preview:large, max-video-preview:-1\" \/>\n<link rel=\"canonical\" href=\"https:\/\/jarmarka.de\/ru\/impressum\" \/>\n<meta name=\"twitter:label1\" content=\"\u041f\u0440\u0438\u043c\u0435\u0440\u043d\u043e\u0435 \u0432\u0440\u0435\u043c\u044f \u0434\u043b\u044f \u0447\u0442\u0435\u043d\u0438\u044f\" \/>\n\t<meta name=\"twitter:data1\" content=\"5 \u043c\u0438\u043d\u0443\u0442\" \/>\n<script type=\"application\/ld+json\" class=\"yoast-schema-graph\">{\"@context\":\"https:\/\/schema.org\",\"@graph\":[{\"@type\":\"WebPage\",\"@id\":\"https:\/\/jarmarka.de\/ru\/impressum\",\"url\":\"https:\/\/jarmarka.de\/ru\/impressum\",\"name\":\"Impressum\",\"isPartOf\":{\"@id\":\"https:\/\/jarmarka.de\/ru\/#website\"},\"datePublished\":\"2017-02-08T14:16:23+00:00\",\"dateModified\":\"2025-09-26T09:03:00+00:00\",\"breadcrumb\":{\"@id\":\"https:\/\/jarmarka.de\/ru\/impressum#breadcrumb\"},\"inLanguage\":\"ru-RU\",\"potentialAction\":[{\"@type\":\"ReadAction\",\"target\":[\"https:\/\/jarmarka.de\/ru\/impressum\"]}]},{\"@type\":\"BreadcrumbList\",\"@id\":\"https:\/\/jarmarka.de\/ru\/impressum#breadcrumb\",\"itemListElement\":[{\"@type\":\"ListItem\",\"position\":1,\"name\":\"Hauptseite\",\"item\":\"https:\/\/jarmarka.de\/ru\"},{\"@type\":\"ListItem\",\"position\":2,\"name\":\"Impressum\"}]},{\"@type\":\"WebSite\",\"@id\":\"https:\/\/jarmarka.de\/ru\/#website\",\"url\":\"https:\/\/jarmarka.de\/ru\/\",\"name\":\"jarmarka.de\",\"description\":\"Jarmarka\",\"potentialAction\":[{\"@type\":\"SearchAction\",\"target\":{\"@type\":\"EntryPoint\",\"urlTemplate\":\"https:\/\/jarmarka.de\/ru\/?s={search_term_string}\"},\"query-input\":{\"@type\":\"PropertyValueSpecification\",\"valueRequired\":true,\"valueName\":\"search_term_string\"}}],\"inLanguage\":\"ru-RU\"}]}<\/script>\n<!-- \/ Yoast SEO plugin. -->","yoast_head_json":{"title":"Impressum","robots":{"index":"index","follow":"follow","max-snippet":"max-snippet:-1","max-image-preview":"max-image-preview:large","max-video-preview":"max-video-preview:-1"},"canonical":"https:\/\/jarmarka.de\/ru\/impressum","twitter_misc":{"\u041f\u0440\u0438\u043c\u0435\u0440\u043d\u043e\u0435 \u0432\u0440\u0435\u043c\u044f \u0434\u043b\u044f \u0447\u0442\u0435\u043d\u0438\u044f":"5 \u043c\u0438\u043d\u0443\u0442"},"schema":{"@context":"https:\/\/schema.org","@graph":[{"@type":"WebPage","@id":"https:\/\/jarmarka.de\/ru\/impressum","url":"https:\/\/jarmarka.de\/ru\/impressum","name":"Impressum","isPartOf":{"@id":"https:\/\/jarmarka.de\/ru\/#website"},"datePublished":"2017-02-08T14:16:23+00:00","dateModified":"2025-09-26T09:03:00+00:00","breadcrumb":{"@id":"https:\/\/jarmarka.de\/ru\/impressum#breadcrumb"},"inLanguage":"ru-RU","potentialAction":[{"@type":"ReadAction","target":["https:\/\/jarmarka.de\/ru\/impressum"]}]},{"@type":"BreadcrumbList","@id":"https:\/\/jarmarka.de\/ru\/impressum#breadcrumb","itemListElement":[{"@type":"ListItem","position":1,"name":"Hauptseite","item":"https:\/\/jarmarka.de\/ru"},{"@type":"ListItem","position":2,"name":"Impressum"}]},{"@type":"WebSite","@id":"https:\/\/jarmarka.de\/ru\/#website","url":"https:\/\/jarmarka.de\/ru\/","name":"jarmarka.de","description":"Jarmarka","potentialAction":[{"@type":"SearchAction","target":{"@type":"EntryPoint","urlTemplate":"https:\/\/jarmarka.de\/ru\/?s={search_term_string}"},"query-input":{"@type":"PropertyValueSpecification","valueRequired":true,"valueName":"search_term_string"}}],"inLanguage":"ru-RU"}]}},"_links":{"self":[{"href":"https:\/\/jarmarka.de\/ru\/wp-json\/wp\/v2\/pages\/2134","targetHints":{"allow":["GET"]}}],"collection":[{"href":"https:\/\/jarmarka.de\/ru\/wp-json\/wp\/v2\/pages"}],"about":[{"href":"https:\/\/jarmarka.de\/ru\/wp-json\/wp\/v2\/types\/page"}],"author":[{"embeddable":true,"href":"https:\/\/jarmarka.de\/ru\/wp-json\/wp\/v2\/users\/2"}],"replies":[{"embeddable":true,"href":"https:\/\/jarmarka.de\/ru\/wp-json\/wp\/v2\/comments?post=2134"}],"version-history":[{"count":6,"href":"https:\/\/jarmarka.de\/ru\/wp-json\/wp\/v2\/pages\/2134\/revisions"}],"predecessor-version":[{"id":140311,"href":"https:\/\/jarmarka.de\/ru\/wp-json\/wp\/v2\/pages\/2134\/revisions\/140311"}],"wp:attachment":[{"href":"https:\/\/jarmarka.de\/ru\/wp-json\/wp\/v2\/media?parent=2134"}],"curies":[{"name":"wp","href":"https:\/\/api.w.org\/{rel}","templated":true}]}}